{"id":196,"date":"2026-01-06T16:41:45","date_gmt":"2026-01-06T16:41:45","guid":{"rendered":"https:\/\/tienda.webactiva.com.mx\/?post_type=product&#038;p=196"},"modified":"2026-01-06T16:41:46","modified_gmt":"2026-01-06T16:41:46","slug":"gabinete-metalico-altamira-de-80x60x40-cm","status":"publish","type":"product","link":"https:\/\/tienda.webactiva.com.mx\/?product=gabinete-metalico-altamira-de-80x60x40-cm","title":{"rendered":"Gabinete met\u00e1lico ALTAMIRA de 80x60x40 cm"},"content":{"rendered":"<p>Gabinete met\u00e1lico ALTAMIRA de 80x60x40 cm, constru\u00eddo en chapa de acero de 1.5 mm y placa para montaje galvanizada de 2.0 mm, protecci\u00f3n IP66.<\/p>\n","protected":false},"excerpt":{"rendered":"<p>Gabinete met\u00e1lico ALTAMIRA de 80x60x40 cm, constru\u00eddo en chapa de acero de 1.5 mm y placa para montaje galvanizada de 2.0 mm, protecci\u00f3n IP66.<\/p>\n","protected":false},"featured_media":197,"comment_status":"open","ping_status":"closed","template":"","meta":[],"pwb-brand":[],"product_brand":[],"product_cat":[15],"product_tag":[],"class_list":{"0":"post-196","1":"product","2":"type-product","3":"status-publish","4":"has-post-thumbnail","6":"product_cat-sin-categorizar","8":"first","9":"instock","10":"taxable","11":"shipping-taxable","12":"purchasable","13":"product-type-simple"},"brands":[],"_links":{"self":[{"href":"https:\/\/tienda.webactiva.com.mx\/index.php?rest_route=\/wp\/v2\/product\/196","targetHints":{"allow":["GET"]}}],"collection":[{"href":"https:\/\/tienda.webactiva.com.mx\/index.php?rest_route=\/wp\/v2\/product"}],"about":[{"href":"https:\/\/tienda.webactiva.com.mx\/index.php?rest_route=\/wp\/v2\/types\/product"}],"replies":[{"embeddable":true,"href":"https:\/\/tienda.webactiva.com.mx\/index.php?rest_route=%2Fwp%2Fv2%2Fcomments&post=196"}],"wp:featuredmedia":[{"embeddable":true,"href":"https:\/\/tienda.webactiva.com.mx\/index.php?rest_route=\/wp\/v2\/media\/197"}],"wp:attachment":[{"href":"https:\/\/tienda.webactiva.com.mx\/index.php?rest_route=%2Fwp%2Fv2%2Fmedia&parent=196"}],"wp:term":[{"taxonomy":"pwb-brand","embeddable":true,"href":"https:\/\/tienda.webactiva.com.mx\/index.php?rest_route=%2Fwp%2Fv2%2Fpwb-brand&post=196"},{"taxonomy":"product_brand","embeddable":true,"href":"https:\/\/tienda.webactiva.com.mx\/index.php?rest_route=%2Fwp%2Fv2%2Fproduct_brand&post=196"},{"taxonomy":"product_cat","embeddable":true,"href":"https:\/\/tienda.webactiva.com.mx\/index.php?rest_route=%2Fwp%2Fv2%2Fproduct_cat&post=196"},{"taxonomy":"product_tag","embeddable":true,"href":"https:\/\/tienda.webactiva.com.mx\/index.php?rest_route=%2Fwp%2Fv2%2Fproduct_tag&post=196"}],"curies":[{"name":"wp","href":"https:\/\/api.w.org\/{rel}","templated":true}]}}