{"id":170,"date":"2025-11-01T15:49:09","date_gmt":"2025-11-01T15:49:09","guid":{"rendered":"https:\/\/tienda.webactiva.com.mx\/?post_type=product&#038;p=170"},"modified":"2025-11-01T16:35:40","modified_gmt":"2025-11-01T16:35:40","slug":"bateria-linkedpro-12-vcc-26-ah","status":"publish","type":"product","link":"https:\/\/tienda.webactiva.com.mx\/?product=bateria-linkedpro-12-vcc-26-ah","title":{"rendered":"bateria LINKEDPRO 12 Vcc, 26 Ah"},"content":{"rendered":"<p>BATERIA PARA PANEL Bater\u00eda 12 Vcc, 26 Ah, UL, tecnolog\u00eda AGM-VRLA, vida \u00fatil promedio de 5 a\u00f1os, terminales M5 &#8211; LINKEDPRO BY EPCOM<\/p>\n","protected":false},"excerpt":{"rendered":"<p>BATERIA PARA PANEL Bater\u00eda 12 Vcc, 26 Ah, UL, tecnolog\u00eda AGM-VRLA, vida \u00fatil promedio de 5 a\u00f1os, terminales M5 &#8211; LINKEDPRO BY EPCOM<\/p>\n","protected":false},"featured_media":173,"comment_status":"open","ping_status":"closed","template":"","meta":[],"pwb-brand":[],"product_brand":[],"product_cat":[18],"product_tag":[],"class_list":{"0":"post-170","1":"product","2":"type-product","3":"status-publish","4":"has-post-thumbnail","6":"product_cat-electronicos","8":"first","9":"instock","10":"taxable","11":"shipping-taxable","12":"purchasable","13":"product-type-simple"},"brands":[],"_links":{"self":[{"href":"https:\/\/tienda.webactiva.com.mx\/index.php?rest_route=\/wp\/v2\/product\/170","targetHints":{"allow":["GET"]}}],"collection":[{"href":"https:\/\/tienda.webactiva.com.mx\/index.php?rest_route=\/wp\/v2\/product"}],"about":[{"href":"https:\/\/tienda.webactiva.com.mx\/index.php?rest_route=\/wp\/v2\/types\/product"}],"replies":[{"embeddable":true,"href":"https:\/\/tienda.webactiva.com.mx\/index.php?rest_route=%2Fwp%2Fv2%2Fcomments&post=170"}],"wp:featuredmedia":[{"embeddable":true,"href":"https:\/\/tienda.webactiva.com.mx\/index.php?rest_route=\/wp\/v2\/media\/173"}],"wp:attachment":[{"href":"https:\/\/tienda.webactiva.com.mx\/index.php?rest_route=%2Fwp%2Fv2%2Fmedia&parent=170"}],"wp:term":[{"taxonomy":"pwb-brand","embeddable":true,"href":"https:\/\/tienda.webactiva.com.mx\/index.php?rest_route=%2Fwp%2Fv2%2Fpwb-brand&post=170"},{"taxonomy":"product_brand","embeddable":true,"href":"https:\/\/tienda.webactiva.com.mx\/index.php?rest_route=%2Fwp%2Fv2%2Fproduct_brand&post=170"},{"taxonomy":"product_cat","embeddable":true,"href":"https:\/\/tienda.webactiva.com.mx\/index.php?rest_route=%2Fwp%2Fv2%2Fproduct_cat&post=170"},{"taxonomy":"product_tag","embeddable":true,"href":"https:\/\/tienda.webactiva.com.mx\/index.php?rest_route=%2Fwp%2Fv2%2Fproduct_tag&post=170"}],"curies":[{"name":"wp","href":"https:\/\/api.w.org\/{rel}","templated":true}]}}