{"id":124,"date":"2025-08-17T00:41:57","date_gmt":"2025-08-17T00:41:57","guid":{"rendered":"https:\/\/tienda.webactiva.com.mx\/?post_type=product&#038;p=124"},"modified":"2025-08-17T00:42:36","modified_gmt":"2025-08-17T00:42:36","slug":"cajas-de-registro-conexiones-pvc-80x80x40mm","status":"publish","type":"product","link":"https:\/\/tienda.webactiva.com.mx\/?product=cajas-de-registro-conexiones-pvc-80x80x40mm","title":{"rendered":"Cajas De Registro Conexiones Pvc 80x80x40mm"},"content":{"rendered":"<p>Modelo: GW-44-003<\/p>\n<p>Caracter\u00edsticas Generales:<br \/>\nCaja de PVC auto-extinguible libre de hal\u00f3genos<br \/>\nDimensiones internas 80 x 80 x 40 mm (Ancho x Alto x Profundidad)<br \/>\nN\u00famero de entradas: 6<br \/>\nTemperatura de operaci\u00f3n: -25 hasta 60 c<br \/>\nGrado de protecci\u00f3n: IP44<br \/>\nResistencia de impacto IK07<\/p>\n","protected":false},"excerpt":{"rendered":"<p>Modelo: GW-44-003 Caracter\u00edsticas Generales: Caja de PVC auto-extinguible libre de hal\u00f3genos Dimensiones internas 80 x 80 x 40 mm (Ancho x Alto x Profundidad) N\u00famero de entradas: 6 Temperatura de operaci\u00f3n: -25 hasta 60 c Grado de protecci\u00f3n: IP44 Resistencia de impacto IK07<\/p>\n","protected":false},"featured_media":125,"comment_status":"open","ping_status":"closed","template":"","meta":[],"pwb-brand":[],"product_brand":[],"product_cat":[15],"product_tag":[],"class_list":{"0":"post-124","1":"product","2":"type-product","3":"status-publish","4":"has-post-thumbnail","6":"product_cat-sin-categorizar","8":"first","9":"instock","10":"taxable","11":"shipping-taxable","12":"purchasable","13":"product-type-simple"},"brands":[],"_links":{"self":[{"href":"https:\/\/tienda.webactiva.com.mx\/index.php?rest_route=\/wp\/v2\/product\/124","targetHints":{"allow":["GET"]}}],"collection":[{"href":"https:\/\/tienda.webactiva.com.mx\/index.php?rest_route=\/wp\/v2\/product"}],"about":[{"href":"https:\/\/tienda.webactiva.com.mx\/index.php?rest_route=\/wp\/v2\/types\/product"}],"replies":[{"embeddable":true,"href":"https:\/\/tienda.webactiva.com.mx\/index.php?rest_route=%2Fwp%2Fv2%2Fcomments&post=124"}],"wp:featuredmedia":[{"embeddable":true,"href":"https:\/\/tienda.webactiva.com.mx\/index.php?rest_route=\/wp\/v2\/media\/125"}],"wp:attachment":[{"href":"https:\/\/tienda.webactiva.com.mx\/index.php?rest_route=%2Fwp%2Fv2%2Fmedia&parent=124"}],"wp:term":[{"taxonomy":"pwb-brand","embeddable":true,"href":"https:\/\/tienda.webactiva.com.mx\/index.php?rest_route=%2Fwp%2Fv2%2Fpwb-brand&post=124"},{"taxonomy":"product_brand","embeddable":true,"href":"https:\/\/tienda.webactiva.com.mx\/index.php?rest_route=%2Fwp%2Fv2%2Fproduct_brand&post=124"},{"taxonomy":"product_cat","embeddable":true,"href":"https:\/\/tienda.webactiva.com.mx\/index.php?rest_route=%2Fwp%2Fv2%2Fproduct_cat&post=124"},{"taxonomy":"product_tag","embeddable":true,"href":"https:\/\/tienda.webactiva.com.mx\/index.php?rest_route=%2Fwp%2Fv2%2Fproduct_tag&post=124"}],"curies":[{"name":"wp","href":"https:\/\/api.w.org\/{rel}","templated":true}]}}